{"id":1958,"date":"2025-12-02T17:11:24","date_gmt":"2025-12-02T17:11:24","guid":{"rendered":"https:\/\/olimar.ro\/magazinul\/?post_type=product&#038;p=1958"},"modified":"2025-12-15T23:32:46","modified_gmt":"2025-12-15T23:32:46","slug":"cot45gr-electrofuziune","status":"publish","type":"product","link":"https:\/\/olimar.ro\/magazinul\/product\/cot45gr-electrofuziune\/","title":{"rendered":"COT 45GR electrofuziune"},"content":{"rendered":"<p><img fetchpriority=\"high\" decoding=\"async\" class=\"alignnone size-full wp-image-891\" src=\"https:\/\/olimar.ro\/magazinul\/wp-content\/uploads\/2023\/10\/products-banner-1.jpg\" alt=\"\" width=\"1600\" height=\"600\" srcset=\"https:\/\/olimar.ro\/magazinul\/wp-content\/uploads\/2023\/10\/products-banner-1.jpg 1600w, https:\/\/olimar.ro\/magazinul\/wp-content\/uploads\/2023\/10\/products-banner-1-300x113.jpg 300w, https:\/\/olimar.ro\/magazinul\/wp-content\/uploads\/2023\/10\/products-banner-1-1024x384.jpg 1024w, https:\/\/olimar.ro\/magazinul\/wp-content\/uploads\/2023\/10\/products-banner-1-768x288.jpg 768w, https:\/\/olimar.ro\/magazinul\/wp-content\/uploads\/2023\/10\/products-banner-1-1536x576.jpg 1536w\" sizes=\"(max-width: 1600px) 100vw, 1600px\" \/><\/p>\n<h2 data-start=\"0\" data-end=\"126\"><strong>Mufa electrofuziune\u00a0<\/strong><\/h2>\n<p class=\"\" data-start=\"0\" data-end=\"126\"><span class=\"relative -mx-px my-[-0.2rem] rounded px-px py-[0.2rem] transition-colors duration-100 ease-in-out\">Mufele de electrofuziune sunt accesorii esen\u021biale \u00een sistemele de conducte din polietilen\u0103 (PE), utilizate pentru realizarea conexiunilor etan\u0219e \u0219i durabile \u00eentre \u021bevi.<\/span>\u00a0<span class=\"relative -mx-px my-[-0.2rem] rounded px-px py-[0.2rem] transition-colors duration-100 ease-in-out\">Acestea se remarc\u0103 prin tehnologia de sudare prin electrofuziune, care garanteaz\u0103 \u00eembin\u0103ri rezistente \u0219i fiabile, potrivite pentru diverse aplica\u021bii, inclusiv alimentarea cu ap\u0103, distribu\u021bia de gaze \u0219i canalizare.<\/span>\u200b<\/p>\n<p class=\"\" data-start=\"128\" data-end=\"153\"><strong data-start=\"128\" data-end=\"153\">Specifica\u021bii Tehnice:<\/strong><\/p>\n<ul data-start=\"155\" data-end=\"694\">\n<li class=\"\" data-start=\"155\" data-end=\"252\">\n<p class=\"\" data-start=\"157\" data-end=\"252\"><strong data-start=\"157\" data-end=\"170\">Material:<\/strong>\u00a0<span class=\"relative -mx-px my-[-0.2rem] rounded px-px py-[0.2rem] transition-colors duration-100 ease-in-out\">Polietilen\u0103 de \u00eenalt\u0103 densitate (PE100), oferind o rezisten\u021b\u0103 superioar\u0103 la cre\u0219terea lent\u0103 a fisurilor \u0219i la condi\u021bii de mediu variate.<\/span>\u200b<\/p>\n<\/li>\n<li class=\"\" data-start=\"254\" data-end=\"351\">\n<p class=\"\" data-start=\"256\" data-end=\"351\"><strong data-start=\"256\" data-end=\"269\">Diametru:<\/strong>\u00a0<span class=\"relative -mx-px my-[-0.2rem] rounded px-px py-[0.2rem] transition-colors duration-100 ease-in-out\"><strong>25mm.<\/strong><\/span>\u200b<\/p>\n<\/li>\n<li class=\"\" data-start=\"353\" data-end=\"468\">\n<p class=\"\" data-start=\"355\" data-end=\"468\"><strong data-start=\"355\" data-end=\"386\">Temperatura de Func\u021bionare:<\/strong>\u00a0<span class=\"relative -mx-px my-[-0.2rem] rounded px-px py-[0.2rem] transition-colors duration-100 ease-in-out\">\u00centre -20\u00b0C \u0219i +65\u00b0C, adecvat\u0103 pentru diverse condi\u021bii climatice \u0219i aplica\u021bii industriale.<\/span>\u200b<\/p>\n<\/li>\n<li class=\"\" data-start=\"470\" data-end=\"580\">\n<p class=\"\" data-start=\"472\" data-end=\"580\"><strong data-start=\"472\" data-end=\"496\">Conectori de Sudare:<\/strong>\u00a0<span class=\"relative -mx-px my-[-0.2rem] rounded px-px py-[0.2rem] transition-colors duration-100 ease-in-out\">Dimensiune de 4 mm, asigur\u00e2nd o sudur\u0103 eficient\u0103 \u0219i de \u00eenalt\u0103 calitate.<\/span>\u200b<\/p>\n<\/li>\n<\/ul>\n<p class=\"\" data-start=\"696\" data-end=\"709\"><strong data-start=\"696\" data-end=\"709\">Avantaje:<\/strong><\/p>\n<ul data-start=\"711\" data-end=\"1054\">\n<li class=\"\" data-start=\"711\" data-end=\"820\">\n<p class=\"\" data-start=\"713\" data-end=\"820\"><strong data-start=\"713\" data-end=\"734\">Asamblare U\u0219oar\u0103:<\/strong>\u00a0<span class=\"relative -mx-px my-[-0.2rem] rounded px-px py-[0.2rem] transition-colors duration-100 ease-in-out\">Datorit\u0103 conicit\u0103\u021bii interioare \u0219i a designului optimizat, instalarea este simpl\u0103 \u0219i rapid\u0103.<\/span>\u200b<\/p>\n<\/li>\n<li class=\"\" data-start=\"822\" data-end=\"946\">\n<p class=\"\" data-start=\"824\" data-end=\"946\"><strong data-start=\"824\" data-end=\"860\">Calitate Superioar\u0103 a \u00cembin\u0103rii:<\/strong>\u00a0<span class=\"relative -mx-px my-[-0.2rem] rounded px-px py-[0.2rem] transition-colors duration-100 ease-in-out\">Tehnologia de electrofuziune asigur\u0103 conexiuni durabile, reduc\u00e2nd riscul de scurgeri \u0219i defec\u021biuni.<\/span>\u200b<\/p>\n<\/li>\n<li class=\"\" data-start=\"948\" data-end=\"1054\">\n<p class=\"\" data-start=\"950\" data-end=\"1054\"><strong data-start=\"950\" data-end=\"968\">Versatilitate:<\/strong>\u00a0<span class=\"relative -mx-px my-[-0.2rem] rounded px-px py-[0.2rem] transition-colors duration-100 ease-in-out\">Potrivite pentru o gam\u0103 larg\u0103 de aplica\u021bii, inclusiv re\u021bele de ap\u0103 potabil\u0103, iriga\u021bii, canalizare \u0219i sisteme antiincendiu.<\/span><\/p>\n<\/li>\n<\/ul>\n<table class=\"bordered\">\n<tbody>\n<tr>\n<th colspan=\"2\">TECHNICAL DETAILS<\/th>\n<\/tr>\n<tr>\n<td style=\"width: 150px;\"><strong>Brand \u200eProfessional<\/strong><\/td>\n<td>EZ Travel Collection<\/td>\n<\/tr>\n<tr>\n<td style=\"width: 150px;\"><strong>Power Source<\/strong><\/td>\n<td>\u200eCorded Electric<\/td>\n<\/tr>\n<tr>\n<td style=\"width: 150px;\"><strong>Voltage<\/strong><\/td>\n<td>\u200e120 Volts<\/td>\n<\/tr>\n<tr>\n<td style=\"width: 150px;\"><strong>Color<\/strong><\/td>\n<td>\u200eAssorted<\/td>\n<\/tr>\n<tr>\n<td style=\"width: 150px;\"><strong>Included Components \u200e<\/strong><\/td>\n<td>Bare-Tool<\/td>\n<\/tr>\n<tr>\n<td style=\"width: 150px;\"><strong>Product Dimensions<\/strong><\/td>\n<td>\u200e23&#8243;L x 5.5&#8243;W x 41&#8243;H<\/td>\n<\/tr>\n<tr>\n<td style=\"width: 150px;\"><strong>Material<\/strong><\/td>\n<td>\u200eSteel<\/td>\n<\/tr>\n<tr>\n<td style=\"width: 150px;\"><strong>Speed<\/strong><\/td>\n<td>\u200e2000 RPM<\/td>\n<\/tr>\n<tr>\n<td style=\"width: 150px;\"><strong>Maximum Power<\/strong><\/td>\n<td>\u200e2100 Watts<\/td>\n<\/tr>\n<tr>\n<td style=\"width: 150px;\"><strong>Manufacturer<\/strong><\/td>\n<td>\u200eEZ Travel Distribution<\/td>\n<\/tr>\n<tr>\n<td style=\"width: 150px;\"><strong>Is Discontinued By Manufacturer<\/strong><\/td>\n<td>\u200eNo<\/td>\n<\/tr>\n<tr>\n<td style=\"width: 150px;\"><strong>Size<\/strong><\/td>\n<td>\u200eExtra Large<\/td>\n<\/tr>\n<tr>\n<td style=\"width: 150px;\"><strong>Wattage<\/strong><\/td>\n<td>\u200e2100 watts<\/td>\n<\/tr>\n<tr>\n<td style=\"width: 150px;\"><strong>Batteries Included?<\/strong><\/td>\n<td>\u200eNo<\/td>\n<\/tr>\n<tr>\n<td style=\"width: 150px;\"><strong>Batteries Required?<\/strong><\/td>\n<td>\u200eNo<\/td>\n<\/tr>\n<\/tbody>\n<\/table>\n","protected":false},"excerpt":{"rendered":"<p>Fitingurile de electrofuziune ofer\u0103 conexiuni etan\u0219e \u0219i permanente \u00een sistemele de conducte din polietilen\u0103 (PE100). Gama include mufe, coturi, teuri \u0219i accesorii specializate, proiectate pentru a rezista la presiuni ridicate, substan\u021be chimice \u0219i condi\u021bii ambientale extreme.<\/p>\n","protected":false},"featured_media":1951,"comment_status":"open","ping_status":"closed","template":"","meta":{"_bst_post_transparent":"default","_bst_post_title":"","_bst_post_layout":"default","_bst_post_sidebar_id":"","_bst_post_content_style":"default","_bst_post_vertical_padding":"default","_bst_post_feature":"","_bst_post_feature_position":"","_bst_post_header":false,"_bst_post_footer":false},"product_brand":[],"product_cat":[92,90,57,37],"product_tag":[],"product_brands":[],"class_list":{"0":"post-1958","1":"product","2":"type-product","3":"status-publish","4":"has-post-thumbnail","6":"product_cat-cot-45gr-electrofuziune","7":"product_cat-fitinguri-electrofuziune","8":"product_cat-our-store","9":"product_cat-pehd-apa","11":"first","12":"instock","13":"shipping-taxable","14":"purchasable","15":"product-type-variable","16":"entry","17":"content-bg","18":"loop-entry"},"jetpack_sharing_enabled":true,"_links":{"self":[{"href":"https:\/\/olimar.ro\/magazinul\/wp-json\/wp\/v2\/product\/1958","targetHints":{"allow":["GET"]}}],"collection":[{"href":"https:\/\/olimar.ro\/magazinul\/wp-json\/wp\/v2\/product"}],"about":[{"href":"https:\/\/olimar.ro\/magazinul\/wp-json\/wp\/v2\/types\/product"}],"replies":[{"embeddable":true,"href":"https:\/\/olimar.ro\/magazinul\/wp-json\/wp\/v2\/comments?post=1958"}],"version-history":[{"count":2,"href":"https:\/\/olimar.ro\/magazinul\/wp-json\/wp\/v2\/product\/1958\/revisions"}],"predecessor-version":[{"id":1967,"href":"https:\/\/olimar.ro\/magazinul\/wp-json\/wp\/v2\/product\/1958\/revisions\/1967"}],"wp:featuredmedia":[{"embeddable":true,"href":"https:\/\/olimar.ro\/magazinul\/wp-json\/wp\/v2\/media\/1951"}],"wp:attachment":[{"href":"https:\/\/olimar.ro\/magazinul\/wp-json\/wp\/v2\/media?parent=1958"}],"wp:term":[{"taxonomy":"product_brand","embeddable":true,"href":"https:\/\/olimar.ro\/magazinul\/wp-json\/wp\/v2\/product_brand?post=1958"},{"taxonomy":"product_cat","embeddable":true,"href":"https:\/\/olimar.ro\/magazinul\/wp-json\/wp\/v2\/product_cat?post=1958"},{"taxonomy":"product_tag","embeddable":true,"href":"https:\/\/olimar.ro\/magazinul\/wp-json\/wp\/v2\/product_tag?post=1958"},{"taxonomy":"product_brands","embeddable":true,"href":"https:\/\/olimar.ro\/magazinul\/wp-json\/wp\/v2\/product_brands?post=1958"}],"curies":[{"name":"wp","href":"https:\/\/api.w.org\/{rel}","templated":true}]}}