{"id":2003,"date":"2025-12-13T13:14:57","date_gmt":"2025-12-13T13:14:57","guid":{"rendered":"https:\/\/olimar.ro\/magazinul\/?post_type=product&#038;p=2003"},"modified":"2025-12-15T23:30:53","modified_gmt":"2025-12-15T23:30:53","slug":"reductie-electrofuziune","status":"publish","type":"product","link":"https:\/\/olimar.ro\/magazinul\/product\/reductie-electrofuziune\/","title":{"rendered":"Reductie electrofuziune"},"content":{"rendered":"<p><img fetchpriority=\"high\" decoding=\"async\" class=\"alignnone size-full wp-image-891\" src=\"https:\/\/olimar.ro\/magazinul\/wp-content\/uploads\/2023\/10\/products-banner-1.jpg\" alt=\"\" width=\"1600\" height=\"600\" srcset=\"https:\/\/olimar.ro\/magazinul\/wp-content\/uploads\/2023\/10\/products-banner-1.jpg 1600w, https:\/\/olimar.ro\/magazinul\/wp-content\/uploads\/2023\/10\/products-banner-1-300x113.jpg 300w, https:\/\/olimar.ro\/magazinul\/wp-content\/uploads\/2023\/10\/products-banner-1-1024x384.jpg 1024w, https:\/\/olimar.ro\/magazinul\/wp-content\/uploads\/2023\/10\/products-banner-1-768x288.jpg 768w, https:\/\/olimar.ro\/magazinul\/wp-content\/uploads\/2023\/10\/products-banner-1-1536x576.jpg 1536w\" sizes=\"(max-width: 1600px) 100vw, 1600px\" \/><\/p>\n<h2 data-start=\"0\" data-end=\"23\"><strong data-start=\"0\" data-end=\"23\">Reductie electrofuziune \u2013 D 25-20 mm<\/strong><\/h2>\n<p class=\"\" data-start=\"25\" data-end=\"106\"><span class=\"relative -mx-px my-[-0.2rem] rounded px-px py-[0.2rem] transition-colors duration-100 ease-in-out\">Reductia electrofuziune este un fiting din polietilen\u0103 de \u00eenalt\u0103 densitate (PE100) utilizat pentru a conecta dou\u0103 segmente de \u021beav\u0103 de diametre diferite, asigur\u00e2nd o tranzi\u021bie eficient\u0103 \u0219i etan\u0219\u0103 \u00een instala\u021biile de distribu\u021bie a apei \u0219i gazelor.<\/span>\u200b<\/p>\n<p class=\"\" data-start=\"108\" data-end=\"125\"><strong data-start=\"108\" data-end=\"125\">Specifica\u021bii:<\/strong><\/p>\n<ul data-start=\"127\" data-end=\"430\">\n<li class=\"\" data-start=\"127\" data-end=\"224\">\n<p class=\"\" data-start=\"129\" data-end=\"224\"><strong data-start=\"129\" data-end=\"142\">Diametre:<\/strong>\u00a0<span class=\"relative -mx-px my-[-0.2rem] rounded px-px py-[0.2rem] transition-colors duration-100 ease-in-out\"><strong>25-20mm<\/strong><\/span><\/p>\n<\/li>\n<li class=\"\" data-start=\"225\" data-end=\"322\">\n<p class=\"\" data-start=\"227\" data-end=\"322\"><strong data-start=\"227\" data-end=\"240\">Material:<\/strong>\u00a0<span class=\"relative -mx-px my-[-0.2rem] rounded px-px py-[0.2rem] transition-colors duration-100 ease-in-out\">Polietilen\u0103 de \u00eenalt\u0103 densitate (PE100).<\/span>\u200b<\/p>\n<\/li>\n<li class=\"\" data-start=\"323\" data-end=\"430\">\n<p class=\"\" data-start=\"325\" data-end=\"430\"><strong data-start=\"325\" data-end=\"348\">Metod\u0103 de \u00eembinare:<\/strong>\u00a0<span class=\"relative -mx-px my-[-0.2rem] rounded px-px py-[0.2rem] transition-colors duration-100 ease-in-out\">Electrofuziune, pentru conexiuni sigure \u0219i durabile.<\/span>\u200b<\/p>\n<\/li>\n<\/ul>\n<p class=\"\" data-start=\"432\" data-end=\"445\"><strong data-start=\"432\" data-end=\"445\">Avantaje:<\/strong><\/p>\n<ul data-start=\"447\" data-end=\"765\">\n<li class=\"\" data-start=\"447\" data-end=\"552\">\n<p class=\"\" data-start=\"449\" data-end=\"552\"><strong data-start=\"449\" data-end=\"470\">Instalare rapid\u0103:<\/strong>\u00a0<span class=\"relative -mx-px my-[-0.2rem] rounded px-px py-[0.2rem] transition-colors duration-100 ease-in-out\">Electrofuziunea permite suduri eficiente \u0219i de \u00eenalt\u0103 calitate.<\/span>\u200b<\/p>\n<\/li>\n<li class=\"\" data-start=\"553\" data-end=\"658\">\n<p class=\"\" data-start=\"555\" data-end=\"658\"><strong data-start=\"555\" data-end=\"572\">Durabilitate:<\/strong>\u00a0<span class=\"relative -mx-px my-[-0.2rem] rounded px-px py-[0.2rem] transition-colors duration-100 ease-in-out\">PE100 asigur\u0103 o rezisten\u021b\u0103 crescut\u0103 la coroziune \u0219i uzur\u0103.<\/span>\u200b<\/p>\n<\/li>\n<li class=\"\" data-start=\"659\" data-end=\"765\">\n<p class=\"\" data-start=\"661\" data-end=\"765\"><strong data-start=\"661\" data-end=\"679\">Versatilitate:<\/strong>\u00a0<span class=\"relative -mx-px my-[-0.2rem] rounded px-px py-[0.2rem] transition-colors duration-100 ease-in-out\">Potrivite pentru diverse aplica\u021bii, inclusiv alimentare cu ap\u0103 \u0219i distribu\u021bie de gaze.<\/span>\u200b<\/p>\n<\/li>\n<\/ul>\n<p class=\"\" data-start=\"767\" data-end=\"795\"><strong data-start=\"767\" data-end=\"795\">Informa\u021bii suplimentare:<\/strong><\/p>\n<ul data-start=\"797\" data-end=\"1021\">\n<li class=\"\" data-start=\"797\" data-end=\"907\">\n<p class=\"\" data-start=\"799\" data-end=\"907\"><strong data-start=\"799\" data-end=\"821\">Presiune de lucru:<\/strong>\u00a0<span class=\"relative -mx-px my-[-0.2rem] rounded px-px py-[0.2rem] transition-colors duration-100 ease-in-out\">P\u00e2n\u0103 la 16 bar pentru ap\u0103 \u0219i 10 bar pentru gaze.<\/span>\u200b<\/p>\n<\/li>\n<li class=\"\" data-start=\"908\" data-end=\"1021\">\n<p class=\"\" data-start=\"910\" data-end=\"1021\"><strong data-start=\"910\" data-end=\"935\">Temperaturi de lucru:<\/strong>\u00a0<span class=\"relative -mx-px my-[-0.2rem] rounded px-px py-[0.2rem] transition-colors duration-100 ease-in-out\">Intervale recomandate: -10\u00b0C p\u00e2n\u0103 la +85\u00b0C.<\/span><\/p>\n<\/li>\n<\/ul>\n<table class=\"bordered\">\n<tbody>\n<tr>\n<th colspan=\"2\">TECHNICAL DETAILS<\/th>\n<\/tr>\n<tr>\n<td style=\"width: 150px;\"><strong>Brand \u200eProfessional<\/strong><\/td>\n<td>EZ Travel Collection<\/td>\n<\/tr>\n<tr>\n<td style=\"width: 150px;\"><strong>Power Source<\/strong><\/td>\n<td>\u200eCorded Electric<\/td>\n<\/tr>\n<tr>\n<td style=\"width: 150px;\"><strong>Voltage<\/strong><\/td>\n<td>\u200e120 Volts<\/td>\n<\/tr>\n<tr>\n<td style=\"width: 150px;\"><strong>Color<\/strong><\/td>\n<td>\u200eAssorted<\/td>\n<\/tr>\n<tr>\n<td style=\"width: 150px;\"><strong>Included Components \u200e<\/strong><\/td>\n<td>Bare-Tool<\/td>\n<\/tr>\n<tr>\n<td style=\"width: 150px;\"><strong>Product Dimensions<\/strong><\/td>\n<td>\u200e23&#8243;L x 5.5&#8243;W x 41&#8243;H<\/td>\n<\/tr>\n<tr>\n<td style=\"width: 150px;\"><strong>Material<\/strong><\/td>\n<td>\u200eSteel<\/td>\n<\/tr>\n<tr>\n<td style=\"width: 150px;\"><strong>Speed<\/strong><\/td>\n<td>\u200e2000 RPM<\/td>\n<\/tr>\n<tr>\n<td style=\"width: 150px;\"><strong>Maximum Power<\/strong><\/td>\n<td>\u200e2100 Watts<\/td>\n<\/tr>\n<tr>\n<td style=\"width: 150px;\"><strong>Manufacturer<\/strong><\/td>\n<td>\u200eEZ Travel Distribution<\/td>\n<\/tr>\n<tr>\n<td style=\"width: 150px;\"><strong>Is Discontinued By Manufacturer<\/strong><\/td>\n<td>\u200eNo<\/td>\n<\/tr>\n<tr>\n<td style=\"width: 150px;\"><strong>Size<\/strong><\/td>\n<td>\u200eExtra Large<\/td>\n<\/tr>\n<tr>\n<td style=\"width: 150px;\"><strong>Wattage<\/strong><\/td>\n<td>\u200e2100 watts<\/td>\n<\/tr>\n<tr>\n<td style=\"width: 150px;\"><strong>Batteries Included?<\/strong><\/td>\n<td>\u200eNo<\/td>\n<\/tr>\n<tr>\n<td style=\"width: 150px;\"><strong>Batteries Required?<\/strong><\/td>\n<td>\u200eNo<\/td>\n<\/tr>\n<\/tbody>\n<\/table>\n","protected":false},"excerpt":{"rendered":"<p>Fitingurile de electrofuziune ofer\u0103 conexiuni etan\u0219e \u0219i permanente \u00een sistemele de conducte din polietilen\u0103 (PE100). Gama include mufe, coturi, teuri \u0219i accesorii specializate, proiectate pentru a rezista la presiuni ridicate, substan\u021be chimice \u0219i condi\u021bii ambientale extreme.<\/p>\n","protected":false},"featured_media":1955,"comment_status":"open","ping_status":"closed","template":"","meta":{"_bst_post_transparent":"default","_bst_post_title":"","_bst_post_layout":"default","_bst_post_sidebar_id":"","_bst_post_content_style":"default","_bst_post_vertical_padding":"default","_bst_post_feature":"","_bst_post_feature_position":"","_bst_post_header":false,"_bst_post_footer":false},"product_brand":[],"product_cat":[90,57,37,96],"product_tag":[],"product_brands":[],"class_list":{"0":"post-2003","1":"product","2":"type-product","3":"status-publish","4":"has-post-thumbnail","6":"product_cat-fitinguri-electrofuziune","7":"product_cat-our-store","8":"product_cat-pehd-apa","9":"product_cat-reductie-electrofuziune","11":"first","12":"instock","13":"shipping-taxable","14":"purchasable","15":"product-type-variable","16":"entry","17":"content-bg","18":"loop-entry"},"jetpack_sharing_enabled":true,"_links":{"self":[{"href":"https:\/\/olimar.ro\/magazinul\/wp-json\/wp\/v2\/product\/2003","targetHints":{"allow":["GET"]}}],"collection":[{"href":"https:\/\/olimar.ro\/magazinul\/wp-json\/wp\/v2\/product"}],"about":[{"href":"https:\/\/olimar.ro\/magazinul\/wp-json\/wp\/v2\/types\/product"}],"replies":[{"embeddable":true,"href":"https:\/\/olimar.ro\/magazinul\/wp-json\/wp\/v2\/comments?post=2003"}],"version-history":[{"count":1,"href":"https:\/\/olimar.ro\/magazinul\/wp-json\/wp\/v2\/product\/2003\/revisions"}],"predecessor-version":[{"id":2011,"href":"https:\/\/olimar.ro\/magazinul\/wp-json\/wp\/v2\/product\/2003\/revisions\/2011"}],"wp:featuredmedia":[{"embeddable":true,"href":"https:\/\/olimar.ro\/magazinul\/wp-json\/wp\/v2\/media\/1955"}],"wp:attachment":[{"href":"https:\/\/olimar.ro\/magazinul\/wp-json\/wp\/v2\/media?parent=2003"}],"wp:term":[{"taxonomy":"product_brand","embeddable":true,"href":"https:\/\/olimar.ro\/magazinul\/wp-json\/wp\/v2\/product_brand?post=2003"},{"taxonomy":"product_cat","embeddable":true,"href":"https:\/\/olimar.ro\/magazinul\/wp-json\/wp\/v2\/product_cat?post=2003"},{"taxonomy":"product_tag","embeddable":true,"href":"https:\/\/olimar.ro\/magazinul\/wp-json\/wp\/v2\/product_tag?post=2003"},{"taxonomy":"product_brands","embeddable":true,"href":"https:\/\/olimar.ro\/magazinul\/wp-json\/wp\/v2\/product_brands?post=2003"}],"curies":[{"name":"wp","href":"https:\/\/api.w.org\/{rel}","templated":true}]}}