{"id":2501,"date":"2025-12-17T15:04:31","date_gmt":"2025-12-17T15:04:31","guid":{"rendered":"https:\/\/olimar.ro\/magazinul\/?post_type=product&#038;p=2501"},"modified":"2025-12-17T15:06:40","modified_gmt":"2025-12-17T15:06:40","slug":"banda-avertizare-canalizare","status":"publish","type":"product","link":"https:\/\/olimar.ro\/magazinul\/product\/banda-avertizare-canalizare\/","title":{"rendered":"Banda avertizare canalizare 10cm 200m"},"content":{"rendered":"<h3><strong>Banda de Avertizare CANALIZARE<\/strong><\/h3>\n<p>Aceast\u0103 band\u0103 de avertizare se amplaseaz\u0103 \u00een p\u0103m\u00e2nt, la o distan\u021b\u0103 stabilit\u0103 conform normelor tehnice \u00een vigoare, deasupra conductelor de colectare \u0219i transport al apelor uzate. Scopul s\u0103u este de a semnala prezen\u021ba acestora \u0219i de a preveni eventualele avarii \u00een cazul s\u0103p\u0103turilor ulterioare.<\/p>\n<h3><strong>Specifica\u021bii Tehnice:<\/strong><\/h3>\n<ul>\n<li><strong>Standard de fabrica\u021bie:<\/strong>\u00a0Nr. 3\/2007<\/li>\n<li><strong>Material:<\/strong>\u00a0Polietilen\u0103 de joas\u0103 densitate (PEJD)<\/li>\n<li><strong>Culoare:<\/strong>\u00a0Portocaliu<\/li>\n<li><strong>Inscrip\u021bie:<\/strong>\u00a0Neagr\u0103, cu textul\u00a0<strong>\u201eCANALIZARE\u201d<\/strong><\/li>\n<\/ul>\n<h3><strong>Dimensiuni:<\/strong><\/h3>\n<ul>\n<li><strong>L\u0103\u021bime:<\/strong>\u00a0100 mm<\/li>\n<li><strong>Lungime rol\u0103:<\/strong>\u00a0200 m<\/li>\n<\/ul>\n<h3><strong>Caracteristici de rezisten\u021b\u0103:<\/strong><\/h3>\n<ul>\n<li><strong>Rezisten\u021b\u0103 la trac\u021biune minim\u0103:<\/strong>\n<ul>\n<li>Longitudinal: 120 daN\/cm\u00b2<\/li>\n<li>Transversal: 100 daN\/cm\u00b2<\/li>\n<\/ul>\n<\/li>\n<li><strong>Alungire la rupere minim\u0103:<\/strong>\n<ul>\n<li>Longitudinal: 200%<\/li>\n<li>Transversal: 300%<\/li>\n<\/ul>\n<\/li>\n<li><strong>Rezisten\u021b\u0103 la sf\u00e2\u0219iere:<\/strong>\n<ul>\n<li>Longitudinal: 50 daN\/cm<\/li>\n<li>Transversal: 40 daN\/cm<\/li>\n<\/ul>\n<\/li>\n<\/ul>\n<p>Banda de avertizare este fabricat\u0103 din materiale durabile, rezistente la condi\u021biile de mediu \u0219i la factorii chimici din sol, asigur\u00e2nd o semnalizare eficient\u0103 \u0219i de lung\u0103 durat\u0103.<\/p>\n<h4 data-start=\"0\" data-end=\"52\"><img fetchpriority=\"high\" decoding=\"async\" class=\"alignnone size-full wp-image-892\" style=\"font-size: 14px; font-weight: 400;\" src=\"https:\/\/olimar.ro\/magazinul\/wp-content\/uploads\/2023\/10\/products-banner-2.jpg\" alt=\"\" width=\"1600\" height=\"600\" srcset=\"https:\/\/olimar.ro\/magazinul\/wp-content\/uploads\/2023\/10\/products-banner-2.jpg 1600w, https:\/\/olimar.ro\/magazinul\/wp-content\/uploads\/2023\/10\/products-banner-2-300x113.jpg 300w, https:\/\/olimar.ro\/magazinul\/wp-content\/uploads\/2023\/10\/products-banner-2-1024x384.jpg 1024w, https:\/\/olimar.ro\/magazinul\/wp-content\/uploads\/2023\/10\/products-banner-2-768x288.jpg 768w, https:\/\/olimar.ro\/magazinul\/wp-content\/uploads\/2023\/10\/products-banner-2-1536x576.jpg 1536w\" sizes=\"(max-width: 1600px) 100vw, 1600px\" \/><\/h4>\n<p>&nbsp;<\/p>\n","protected":false},"excerpt":{"rendered":"<p>Aceast\u0103 band\u0103 de avertizare se amplaseaz\u0103 \u00een p\u0103m\u00e2nt, la o distan\u021b\u0103 stabilit\u0103 conform normelor tehnice \u00een vigoare, deasupra conductelor de colectare \u0219i transport al apelor uzate. Scopul s\u0103u este de a semnala prezen\u021ba acestora \u0219i de a preveni eventualele avarii \u00een cazul s\u0103p\u0103turilor ulterioare.<\/p>\n","protected":false},"featured_media":2502,"comment_status":"open","ping_status":"closed","template":"","meta":{"_bst_post_transparent":"default","_bst_post_title":"","_bst_post_layout":"default","_bst_post_sidebar_id":"","_bst_post_content_style":"default","_bst_post_vertical_padding":"default","_bst_post_feature":"","_bst_post_feature_position":"","_bst_post_header":false,"_bst_post_footer":false},"product_brand":[],"product_cat":[118,57,70],"product_tag":[],"product_brands":[],"class_list":{"0":"post-2501","1":"product","2":"type-product","3":"status-publish","4":"has-post-thumbnail","6":"product_cat-banda-avertizare-canal","7":"product_cat-our-store","8":"product_cat-pvc-canalizare","10":"first","11":"instock","12":"sale","13":"featured","14":"shipping-taxable","15":"purchasable","16":"product-type-simple","17":"entry","18":"content-bg","19":"loop-entry"},"jetpack_sharing_enabled":true,"_links":{"self":[{"href":"https:\/\/olimar.ro\/magazinul\/wp-json\/wp\/v2\/product\/2501","targetHints":{"allow":["GET"]}}],"collection":[{"href":"https:\/\/olimar.ro\/magazinul\/wp-json\/wp\/v2\/product"}],"about":[{"href":"https:\/\/olimar.ro\/magazinul\/wp-json\/wp\/v2\/types\/product"}],"replies":[{"embeddable":true,"href":"https:\/\/olimar.ro\/magazinul\/wp-json\/wp\/v2\/comments?post=2501"}],"version-history":[{"count":1,"href":"https:\/\/olimar.ro\/magazinul\/wp-json\/wp\/v2\/product\/2501\/revisions"}],"predecessor-version":[{"id":2503,"href":"https:\/\/olimar.ro\/magazinul\/wp-json\/wp\/v2\/product\/2501\/revisions\/2503"}],"wp:featuredmedia":[{"embeddable":true,"href":"https:\/\/olimar.ro\/magazinul\/wp-json\/wp\/v2\/media\/2502"}],"wp:attachment":[{"href":"https:\/\/olimar.ro\/magazinul\/wp-json\/wp\/v2\/media?parent=2501"}],"wp:term":[{"taxonomy":"product_brand","embeddable":true,"href":"https:\/\/olimar.ro\/magazinul\/wp-json\/wp\/v2\/product_brand?post=2501"},{"taxonomy":"product_cat","embeddable":true,"href":"https:\/\/olimar.ro\/magazinul\/wp-json\/wp\/v2\/product_cat?post=2501"},{"taxonomy":"product_tag","embeddable":true,"href":"https:\/\/olimar.ro\/magazinul\/wp-json\/wp\/v2\/product_tag?post=2501"},{"taxonomy":"product_brands","embeddable":true,"href":"https:\/\/olimar.ro\/magazinul\/wp-json\/wp\/v2\/product_brands?post=2501"}],"curies":[{"name":"wp","href":"https:\/\/api.w.org\/{rel}","templated":true}]}}